{"id":32,"date":"2026-02-20T10:06:04","date_gmt":"2026-02-20T10:06:04","guid":{"rendered":"https:\/\/tkfoto.hu\/?page_id=32"},"modified":"2026-02-20T18:59:50","modified_gmt":"2026-02-20T18:59:50","slug":"albumok","status":"publish","type":"page","link":"https:\/\/tkfoto.hu\/?page_id=32","title":{"rendered":"Albumok"},"content":{"rendered":"\n<p><a href=\"https:\/\/tkfoto.hu\/?page_id=2\" data-type=\"page\" data-id=\"2\">Nep\u00e1l 2025<\/a><\/p>\n\n\n\n<p><a href=\"https:\/\/tkfoto.hu\/?page_id=15\" data-type=\"page\" data-id=\"15\">K\u00e1nyav\u00e1r 2025<\/a><\/p>\n\n\n\n<p><\/p>\n","protected":false},"excerpt":{"rendered":"<p>Nep\u00e1l 2025 K\u00e1nyav\u00e1r 2025<\/p>\n","protected":false},"author":1,"featured_media":0,"parent":0,"menu_order":0,"comment_status":"closed","ping_status":"closed","template":"","meta":{"footnotes":""},"class_list":["post-32","page","type-page","status-publish","hentry"],"_links":{"self":[{"href":"https:\/\/tkfoto.hu\/index.php?rest_route=\/wp\/v2\/pages\/32","targetHints":{"allow":["GET"]}}],"collection":[{"href":"https:\/\/tkfoto.hu\/index.php?rest_route=\/wp\/v2\/pages"}],"about":[{"href":"https:\/\/tkfoto.hu\/index.php?rest_route=\/wp\/v2\/types\/page"}],"author":[{"embeddable":true,"href":"https:\/\/tkfoto.hu\/index.php?rest_route=\/wp\/v2\/users\/1"}],"replies":[{"embeddable":true,"href":"https:\/\/tkfoto.hu\/index.php?rest_route=%2Fwp%2Fv2%2Fcomments&post=32"}],"version-history":[{"count":4,"href":"https:\/\/tkfoto.hu\/index.php?rest_route=\/wp\/v2\/pages\/32\/revisions"}],"predecessor-version":[{"id":39,"href":"https:\/\/tkfoto.hu\/index.php?rest_route=\/wp\/v2\/pages\/32\/revisions\/39"}],"wp:attachment":[{"href":"https:\/\/tkfoto.hu\/index.php?rest_route=%2Fwp%2Fv2%2Fmedia&parent=32"}],"curies":[{"name":"wp","href":"https:\/\/api.w.org\/{rel}","templated":true}]}}